{"id":98,"date":"2020-03-18T21:36:34","date_gmt":"2020-03-18T18:36:34","guid":{"rendered":"http:\/\/www.heripus.com\/?page_id=98"},"modified":"2021-07-15T17:54:45","modified_gmt":"2021-07-15T14:54:45","slug":"koristler","status":"publish","type":"page","link":"https:\/\/www.heripus.com\/en\/koristler\/","title":{"rendered":"Choir Vocals"},"content":{"rendered":"<div class=\"wp-block-columns is-layout-flex wp-container-core-columns-is-layout-9d6595d7 wp-block-columns-is-layout-flex\">\n<div class=\"wp-block-column is-layout-flow wp-block-column-is-layout-flow\">\n<h4 class=\"has-text-align-center wp-block-heading\">Soprano<\/h4>\n\n\n\n<hr class=\"wp-block-separator is-style-wide\"\/>\n\n\n\n<p class=\"has-text-align-center\"><strong>Elif Taner<\/strong><\/p>\n\n\n\n<p class=\"has-text-align-center\"><strong>Fehime Kasman<\/strong><\/p>\n\n\n\n<p class=\"has-text-align-center\"><strong>Gizem Kayhan<\/strong><\/p>\n\n\n\n<p class=\"has-text-align-center\"><strong>\u0130mren Kara Ayd\u0131n<\/strong><\/p>\n\n\n\n<p class=\"has-text-align-center\"><strong>Naz Aruk<\/strong><\/p>\n<\/div>\n\n\n\n<div class=\"wp-block-column is-layout-flow wp-block-column-is-layout-flow\">\n<h4 class=\"has-text-align-center wp-block-heading\">Alto<\/h4>\n\n\n\n<hr class=\"wp-block-separator is-style-wide\"\/>\n\n\n\n<p class=\"has-text-align-center\"><strong>Bilge Buzdo\u011fan<\/strong><\/p>\n\n\n\n<p class=\"has-text-align-center\"><strong>Buket Altun<\/strong><\/p>\n\n\n\n<p class=\"has-text-align-center\"><strong>Gizem \u00d6z\u00e7elik<\/strong><\/p>\n\n\n\n<p class=\"has-text-align-center\"><strong>Nilcan Ceylan<\/strong><\/p>\n\n\n\n<p class=\"has-text-align-center\"><strong>Tu\u011fba Aksoy<\/strong><\/p>\n\n\n\n<p class=\"has-text-align-center\"><strong>Yelda Demirci K\u0131sadal<\/strong><\/p>\n<\/div>\n<\/div>\n\n\n\n<div class=\"wp-block-columns is-layout-flex wp-container-core-columns-is-layout-9d6595d7 wp-block-columns-is-layout-flex\">\n<div class=\"wp-block-column is-layout-flow wp-block-column-is-layout-flow\">\n<h4 class=\"has-text-align-center wp-block-heading\">Tenor<\/h4>\n\n\n\n<hr class=\"wp-block-separator is-style-wide\"\/>\n\n\n\n<p class=\"has-text-align-center\"><strong>Serkan G\u00f6kp\u0131nar<\/strong><\/p>\n\n\n\n<p class=\"has-text-align-center\"><strong>Yusuf Turhaner<\/strong><\/p>\n<\/div>\n\n\n\n<div class=\"wp-block-column is-layout-flow wp-block-column-is-layout-flow\">\n<h4 class=\"has-text-align-center wp-block-heading\">Bass<\/h4>\n\n\n\n<hr class=\"wp-block-separator is-style-wide\"\/>\n\n\n\n<p class=\"has-text-align-center\"><strong>Emre Keskin<\/strong><\/p>\n\n\n\n<p class=\"has-text-align-center\"><strong>Veysel G\u00fcler<\/strong><\/p>\n<\/div>\n<\/div>\n\n\n\n<h5 class=\"has-text-align-center wp-block-heading\">Guest Choir Vocals<\/h5>\n\n\n\n<hr class=\"wp-block-separator is-style-wide\"\/>\n\n\n\n<div class=\"wp-block-columns is-layout-flex wp-container-core-columns-is-layout-9d6595d7 wp-block-columns-is-layout-flex\">\n<div class=\"wp-block-column is-layout-flow wp-block-column-is-layout-flow\">\n<p class=\"has-text-align-center\">Aleyna K\u0131z\u0131ltepe<\/p>\n\n\n\n<p class=\"has-text-align-center\">Anna Carraro<\/p>\n\n\n\n<p class=\"has-text-align-center\">Bar\u0131\u015f Alio\u011flu<\/p>\n\n\n\n<p class=\"has-text-align-center\">Emin \u015eafak \u00c7ollak<\/p>\n\n\n\n<p class=\"has-text-align-center\">Emine Fidan<\/p>\n\n\n\n<p class=\"has-text-align-center\">Hande Ert\u00fcrk<\/p>\n\n\n\n<p class=\"has-text-align-center\">Kardelen G\u00f6n\u00fclcan<\/p>\n\n\n\n<p class=\"has-text-align-center\">Koray Do\u011fan<\/p>\n<\/div>\n\n\n\n<div class=\"wp-block-column is-layout-flow wp-block-column-is-layout-flow\">\n<p class=\"has-text-align-center\">Melis \u00c7elti Bahar<\/p>\n\n\n\n<p class=\"has-text-align-center\">O\u011fuzhan Kocac\u0131k<\/p>\n\n\n\n<p class=\"has-text-align-center\">\u00d6m\u00fcr G\u00fcl\u00e7i\u00e7ek<\/p>\n\n\n\n<p class=\"has-text-align-center\">Selin Yolas\u0131\u011fmaz<\/p>\n\n\n\n<p class=\"has-text-align-center\">Seren S\u0131nd\u0131k<\/p>\n\n\n\n<p class=\"has-text-align-center\">Ya\u011fmur Meral<\/p>\n\n\n\n<p class=\"has-text-align-center\">Yelda Mansurg\u00fcler<\/p>\n\n\n\n<p class=\"has-text-align-center\">Z\u00fchal Tufano\u011flu<\/p>\n<\/div>\n<\/div>\n\n\n\n<hr class=\"wp-block-separator is-style-wide\"\/>","protected":false},"excerpt":{"rendered":"<p>Soprano Elif Taner Fehime Kasman Gizem Kayhan \u0130mren Kara Ayd\u0131n Naz Aruk Alto Bilge Buzdo\u011fan Buket Altun Gizem \u00d6z\u00e7elik Nilcan &hellip; <span class=\"more-button\"><a href=\"https:\/\/www.heripus.com\/en\/koristler\/\" class=\"more-link\">Continue Reading<span class=\"screen-reader-text\">Choir Vocals<\/span><\/a><\/span><\/p>","protected":false},"author":1,"featured_media":0,"parent":0,"menu_order":0,"comment_status":"closed","ping_status":"closed","template":"","meta":{"footnotes":""},"class_list":["post-98","page","type-page","status-publish","hentry"],"yoast_head":"<!-- This site is optimized with the Yoast SEO plugin v24.9 - https:\/\/yoast.com\/wordpress\/plugins\/seo\/ -->\n<title>Koristler - \u0130SKENDERUN HER\u0130PUS \u00c7OKSESL\u0130 KOROSU<\/title>\n<meta name=\"robots\" content=\"index, follow, max-snippet:-1, max-image-preview:large, max-video-preview:-1\" \/>\n<link rel=\"canonical\" href=\"https:\/\/www.heripus.com\/en\/koristler\/\" \/>\n<meta property=\"og:locale\" content=\"en_GB\" \/>\n<meta property=\"og:type\" content=\"article\" \/>\n<meta property=\"og:title\" content=\"Koristler - \u0130SKENDERUN HER\u0130PUS \u00c7OKSESL\u0130 KOROSU\" \/>\n<meta property=\"og:description\" content=\"Soprano Elif Taner Fehime Kasman Gizem Kayhan \u0130mren Kara Ayd\u0131n Naz Aruk Alto Bilge Buzdo\u011fan Buket Altun Gizem \u00d6z\u00e7elik Nilcan &hellip; Continue ReadingKoristler\" \/>\n<meta property=\"og:url\" content=\"https:\/\/www.heripus.com\/en\/koristler\/\" \/>\n<meta property=\"og:site_name\" content=\"\u0130SKENDERUN HER\u0130PUS \u00c7OKSESL\u0130 KOROSU\" \/>\n<meta property=\"article:modified_time\" content=\"2021-07-15T14:54:45+00:00\" \/>\n<meta name=\"twitter:card\" content=\"summary_large_image\" \/>\n<meta name=\"twitter:label1\" content=\"Estimated reading time\" \/>\n\t<meta name=\"twitter:data1\" content=\"1 minute\" \/>\n<script type=\"application\/ld+json\" class=\"yoast-schema-graph\">{\"@context\":\"https:\/\/schema.org\",\"@graph\":[{\"@type\":\"WebPage\",\"@id\":\"https:\/\/www.heripus.com\/en\/koristler\/\",\"url\":\"https:\/\/www.heripus.com\/en\/koristler\/\",\"name\":\"Koristler - \u0130SKENDERUN HER\u0130PUS \u00c7OKSESL\u0130 KOROSU\",\"isPartOf\":{\"@id\":\"https:\/\/www.heripus.com\/#website\"},\"datePublished\":\"2020-03-18T18:36:34+00:00\",\"dateModified\":\"2021-07-15T14:54:45+00:00\",\"breadcrumb\":{\"@id\":\"https:\/\/www.heripus.com\/en\/koristler\/#breadcrumb\"},\"inLanguage\":\"en-GB\",\"potentialAction\":[{\"@type\":\"ReadAction\",\"target\":[\"https:\/\/www.heripus.com\/en\/koristler\/\"]}]},{\"@type\":\"BreadcrumbList\",\"@id\":\"https:\/\/www.heripus.com\/en\/koristler\/#breadcrumb\",\"itemListElement\":[{\"@type\":\"ListItem\",\"position\":1,\"name\":\"Ana sayfa\",\"item\":\"https:\/\/www.heripus.com\/\"},{\"@type\":\"ListItem\",\"position\":2,\"name\":\"Koristler\"}]},{\"@type\":\"WebSite\",\"@id\":\"https:\/\/www.heripus.com\/#website\",\"url\":\"https:\/\/www.heripus.com\/\",\"name\":\"\u0130SKENDERUN HER\u0130PUS \u00c7OKSESL\u0130 KOROSU\",\"description\":\"Heripus Polyphonic Choir\",\"publisher\":{\"@id\":\"https:\/\/www.heripus.com\/#organization\"},\"potentialAction\":[{\"@type\":\"SearchAction\",\"target\":{\"@type\":\"EntryPoint\",\"urlTemplate\":\"https:\/\/www.heripus.com\/?s={search_term_string}\"},\"query-input\":{\"@type\":\"PropertyValueSpecification\",\"valueRequired\":true,\"valueName\":\"search_term_string\"}}],\"inLanguage\":\"en-GB\"},{\"@type\":\"Organization\",\"@id\":\"https:\/\/www.heripus.com\/#organization\",\"name\":\"Heripus\",\"url\":\"https:\/\/www.heripus.com\/\",\"logo\":{\"@type\":\"ImageObject\",\"inLanguage\":\"en-GB\",\"@id\":\"https:\/\/www.heripus.com\/#\/schema\/logo\/image\/\",\"url\":\"https:\/\/www.heripus.com\/wp-content\/uploads\/2020\/04\/heripus-11-819x1024.png\",\"contentUrl\":\"https:\/\/www.heripus.com\/wp-content\/uploads\/2020\/04\/heripus-11-819x1024.png\",\"width\":819,\"height\":1024,\"caption\":\"Heripus\"},\"image\":{\"@id\":\"https:\/\/www.heripus.com\/#\/schema\/logo\/image\/\"}}]}<\/script>\n<!-- \/ Yoast SEO plugin. -->","yoast_head_json":{"title":"Koristler - \u0130SKENDERUN HER\u0130PUS \u00c7OKSESL\u0130 KOROSU","robots":{"index":"index","follow":"follow","max-snippet":"max-snippet:-1","max-image-preview":"max-image-preview:large","max-video-preview":"max-video-preview:-1"},"canonical":"https:\/\/www.heripus.com\/en\/koristler\/","og_locale":"en_GB","og_type":"article","og_title":"Koristler - \u0130SKENDERUN HER\u0130PUS \u00c7OKSESL\u0130 KOROSU","og_description":"Soprano Elif Taner Fehime Kasman Gizem Kayhan \u0130mren Kara Ayd\u0131n Naz Aruk Alto Bilge Buzdo\u011fan Buket Altun Gizem \u00d6z\u00e7elik Nilcan &hellip; Continue ReadingKoristler","og_url":"https:\/\/www.heripus.com\/en\/koristler\/","og_site_name":"\u0130SKENDERUN HER\u0130PUS \u00c7OKSESL\u0130 KOROSU","article_modified_time":"2021-07-15T14:54:45+00:00","twitter_card":"summary_large_image","twitter_misc":{"Estimated reading time":"1 minute"},"schema":{"@context":"https:\/\/schema.org","@graph":[{"@type":"WebPage","@id":"https:\/\/www.heripus.com\/en\/koristler\/","url":"https:\/\/www.heripus.com\/en\/koristler\/","name":"Koristler - \u0130SKENDERUN HER\u0130PUS \u00c7OKSESL\u0130 KOROSU","isPartOf":{"@id":"https:\/\/www.heripus.com\/#website"},"datePublished":"2020-03-18T18:36:34+00:00","dateModified":"2021-07-15T14:54:45+00:00","breadcrumb":{"@id":"https:\/\/www.heripus.com\/en\/koristler\/#breadcrumb"},"inLanguage":"en-GB","potentialAction":[{"@type":"ReadAction","target":["https:\/\/www.heripus.com\/en\/koristler\/"]}]},{"@type":"BreadcrumbList","@id":"https:\/\/www.heripus.com\/en\/koristler\/#breadcrumb","itemListElement":[{"@type":"ListItem","position":1,"name":"Ana sayfa","item":"https:\/\/www.heripus.com\/"},{"@type":"ListItem","position":2,"name":"Koristler"}]},{"@type":"WebSite","@id":"https:\/\/www.heripus.com\/#website","url":"https:\/\/www.heripus.com\/","name":"\u0130SKENDERUN HER\u0130PUS \u00c7OKSESL\u0130 KOROSU","description":"Heripus Polyphonic Choir","publisher":{"@id":"https:\/\/www.heripus.com\/#organization"},"potentialAction":[{"@type":"SearchAction","target":{"@type":"EntryPoint","urlTemplate":"https:\/\/www.heripus.com\/?s={search_term_string}"},"query-input":{"@type":"PropertyValueSpecification","valueRequired":true,"valueName":"search_term_string"}}],"inLanguage":"en-GB"},{"@type":"Organization","@id":"https:\/\/www.heripus.com\/#organization","name":"Heripus","url":"https:\/\/www.heripus.com\/","logo":{"@type":"ImageObject","inLanguage":"en-GB","@id":"https:\/\/www.heripus.com\/#\/schema\/logo\/image\/","url":"https:\/\/www.heripus.com\/wp-content\/uploads\/2020\/04\/heripus-11-819x1024.png","contentUrl":"https:\/\/www.heripus.com\/wp-content\/uploads\/2020\/04\/heripus-11-819x1024.png","width":819,"height":1024,"caption":"Heripus"},"image":{"@id":"https:\/\/www.heripus.com\/#\/schema\/logo\/image\/"}}]}},"_links":{"self":[{"href":"https:\/\/www.heripus.com\/en\/wp-json\/wp\/v2\/pages\/98","targetHints":{"allow":["GET"]}}],"collection":[{"href":"https:\/\/www.heripus.com\/en\/wp-json\/wp\/v2\/pages"}],"about":[{"href":"https:\/\/www.heripus.com\/en\/wp-json\/wp\/v2\/types\/page"}],"author":[{"embeddable":true,"href":"https:\/\/www.heripus.com\/en\/wp-json\/wp\/v2\/users\/1"}],"replies":[{"embeddable":true,"href":"https:\/\/www.heripus.com\/en\/wp-json\/wp\/v2\/comments?post=98"}],"version-history":[{"count":134,"href":"https:\/\/www.heripus.com\/en\/wp-json\/wp\/v2\/pages\/98\/revisions"}],"predecessor-version":[{"id":1322,"href":"https:\/\/www.heripus.com\/en\/wp-json\/wp\/v2\/pages\/98\/revisions\/1322"}],"wp:attachment":[{"href":"https:\/\/www.heripus.com\/en\/wp-json\/wp\/v2\/media?parent=98"}],"curies":[{"name":"wp","href":"https:\/\/api.w.org\/{rel}","templated":true}]}}