{"id":53,"date":"2020-03-18T15:14:56","date_gmt":"2020-03-18T12:14:56","guid":{"rendered":"http:\/\/www.heripus.com\/?page_id=53"},"modified":"2020-05-24T01:03:26","modified_gmt":"2020-05-23T22:03:26","slug":"hakkimizda","status":"publish","type":"page","link":"https:\/\/www.heripus.com\/en\/hakkimizda\/","title":{"rendered":"About Us"},"content":{"rendered":"<h4 class=\"has-text-align-center wp-block-heading\"><strong>Our Awards<\/strong><\/h4>\n\n\n\n<hr class=\"wp-block-separator is-style-wide\"\/>\n\n\n\n<hr class=\"wp-block-separator\"\/>\n\n\n\n<p class=\"has-text-align-left\"><strong>Success Award in Choral Conductor Harmony<\/strong> - 24. Turkey Choirs Festival (Heripus Women's Choir) (2019)<\/p>\n\n\n\n<p class=\"has-text-align-left\"><strong>Program Richness and Diversity Achievement Award<\/strong> \u2013 24. Turkey Choirs Festival (2019)<\/p>\n\n\n\n<p class=\"has-text-align-left\"><strong>Encouragement Award<\/strong> \u2013 24. Turkey Choirs Festival (2019)<\/p>\n\n\n\n<p class=\"has-text-align-left\"><strong>Intonation Award<\/strong> \u2013 7. Sansev Istanbul International Choir Festival (2019)<\/p>\n\n\n\n<p class=\"has-text-align-left\"><strong>Program Richness and Diversity Award<\/strong> \u2013 7. Sansev Istanbul International Choir Festival (Heripus Women's Choir) (2019)<\/p>\n\n\n\n<p class=\"has-text-align-left\"><strong>Success Award for Popular Music Interpretation<\/strong> \u2013 6. Sansev International Choir Festival (2019)<\/p>\n\n\n\n<hr class=\"wp-block-separator\"\/>\n\n\n\n<hr class=\"wp-block-separator is-style-wide\"\/>\n\n\n\n<h4 class=\"has-text-align-center wp-block-heading\"><strong>Concerts We Performed<\/strong><\/h4>\n\n\n\n<hr class=\"wp-block-separator is-style-wide\"\/>\n\n\n\n<hr class=\"wp-block-separator\"\/>\n\n\n\n<p><strong>31\/01\/2020<\/strong> - Iskenderun Concert - <strong>Do\u011fa College<\/strong> &#8211; \u0130skenderun\/Hatay<\/p>\n\n\n\n<p><strong>15\/06\/2019<\/strong> - 24. Turkey's Choirs Festival - <strong>Presidential Symphony Orchestra Concert Hall<\/strong> &#8211; Alt\u0131nda\u011f\/Ankara<\/p>\n\n\n\n<p><strong>15\/06\/2019<\/strong> - 24. Turkey's Choirs Festival - <strong>Presidential Symphony Orchestra Concert Hall<\/strong> &#8211; Alt\u0131nda\u011f\/Ankara <strong>( Heripus Women's Choir )<\/strong><\/p>\n\n\n\n<p><strong>07\/06\/2019<\/strong> \u2013 Education for Everyone Platform Concert \u2013 <strong>Bat\u0131ayaz Armenian Church (ASDVAZAZ\u0130N)<\/strong> &#8211; Samanda\u011f\/Hatay<\/p>\n\n\n\n<p><strong>04\/05\/2019<\/strong> - 7th Sansev Istanbul International Polyphonic Choir Festival - <strong>Professor Dr. T\u00fcrkan Saylan Cultural Center<\/strong> &#8211; Maltepe\/\u0130stanbul<\/p>\n\n\n\n<p><strong>03\/05\/2019<\/strong> - 7th Sansev Istanbul International Polyphonic Choir Festival - <strong>Professor Dr. T\u00fcrkan Saylan Cultural Center<\/strong> &#8211; Maltepe\/\u0130stanbul <strong>( Heripus Women's Choir )<\/strong><\/p>\n\n\n\n<p><strong>26\/04\/2019<\/strong> - Zafer Teky\u0131ld\u0131z High School Concert - <strong>City Hall of Culture<\/strong> &#8211; \u0130skenderun\/Hatay<\/p>\n\n\n\n<p><strong>01\/02\/2019<\/strong> - Iskenderun Concert - <strong>City Hall of Culture<\/strong> &#8211; \u0130skenderun\/Hatay<\/p>\n\n\n\n<p><strong>19\/05\/2018<\/strong> - Iskenderun Concert - <strong>Primemall<\/strong> &#8211; \u0130skenderun\/Hatay<\/p>\n\n\n\n<p><strong>05\/05\/2018<\/strong> - 7th Sansev Istanbul International Polyphonic Choir Festival - <strong>Professor Dr. T\u00fcrkan Saylan Cultural Center<\/strong> &#8211; Maltepe\/\u0130stanbul<\/p>\n\n\n\n<p><strong>02\/02\/2018<\/strong> - Iskenderun Concert - <strong>City Hall of Culture<\/strong> &#8211; \u0130skenderun\/Hatay<\/p>\n\n\n\n<p><strong>17\/01\/2018<\/strong> - Iskenderun Concert - <strong>\u0130kem College <\/strong>&#8211; \u0130skenderun\/Hatay<\/p>\n\n\n\n<p><strong>16\/09\/2017<\/strong> - Iskenderun Concert - <strong>City Hall of Culture<\/strong> &#8211; \u0130skenderun\/Hatay<\/p>\n\n\n\n<p><strong>19\/08\/2017 <\/strong>- Iskenderun Concert - <strong>Hotel Ramada<\/strong> &#8211; \u0130skenderun\/Hatay<\/p>\n\n\n\n<p><strong>25\/04\/2017<\/strong> - Pirin\u00e7lik Village Concert - <strong>Pirinclik Buyukdere Secondary School<\/strong> &#8211; Arsuz\/Hatay<\/p>\n\n\n\n<p><strong>07\/09\/2016<\/strong> - Iskenderun Concert - <strong>City Hall of Culture<\/strong> &#8211; \u0130skenderun\/Hatay<\/p>\n\n\n\n<p><strong>03\/09\/2016<\/strong> - Iskenderun Concert - <strong>City Hall of Culture<\/strong> &#8211; \u0130skenderun\/Hatay<\/p>\n\n\n\n<hr class=\"wp-block-separator\"\/>\n\n\n\n<hr class=\"wp-block-separator is-style-wide\"\/>\n\n\n\n<h4 class=\"has-text-align-center wp-block-heading\"><strong>Works We Perform <\/strong><\/h4>\n\n\n\n<hr class=\"wp-block-separator is-style-wide\"\/>\n\n\n\n<div class=\"wp-block-columns is-layout-flex wp-container-core-columns-is-layout-9d6595d7 wp-block-columns-is-layout-flex\">\n<div class=\"wp-block-column is-layout-flow wp-block-column-is-layout-flow\">\n<p class=\"has-text-align-center\"><strong>Bir F\u0131rt\u0131na Tuttu Bizi<\/strong><\/p>\n\n\n\n<p class=\"has-text-align-center\"><strong>Ederlezi<\/strong> &#8211; Goran Bregovic<\/p>\n\n\n\n<p class=\"has-text-align-center\"><strong>19 May\u0131s Mar\u015f\u0131<\/strong> &#8211; Muammer Sun<\/p>\n\n\n\n<p class=\"has-text-align-center\"><strong>Turot Eszik a Cigany<\/strong> &#8211; Zoltan Kodaly<\/p>\n\n\n\n<p class=\"has-text-align-center\"><strong>Uzun \u0130nce Bir Yolday\u0131m<\/strong> &#8211; Hakan \u00d6ns\u00f6z<\/p>\n\n\n\n<p class=\"has-text-align-center\"><strong>Kalenin Dibinde Ta\u015f Ben Olayd\u0131m<\/strong> &#8211; Erhan Kara<\/p>\n\n\n\n<p class=\"has-text-align-center\"><strong>Samba Lele<\/strong> &#8211; Maria Rosario Rojas<\/p>\n\n\n\n<p class=\"has-text-align-center\"><strong>Ho\u015fgeli\u015fler Ola<\/strong> &#8211; Erhan Kara<\/p>\n\n\n\n<p class=\"has-text-align-center\"><strong>M\u00fcsaadenizle \u00c7ocuklar<\/strong> &#8211; Erhan Kara<\/p>\n\n\n\n<p class=\"has-text-align-center\"><strong>The Seal Lullaby<\/strong> &#8211; Eric Whitacre<\/p>\n\n\n\n<p class=\"has-text-align-center\"><strong>Bonse Aba<\/strong> &#8211; Victor C. Johnson<\/p>\n\n\n\n<p class=\"has-text-align-center\"><strong>Bir Melek Diliyorum<\/strong> &#8211; Erhan Kara<\/p>\n\n\n\n<p class=\"has-text-align-center\"><strong>Ayr\u0131ld\u0131m G\u00fcler Miyim ?<\/strong> &#8211; Erhan Kara<\/p>\n\n\n\n<p class=\"has-text-align-center\"><strong>Memik O\u011flan<\/strong><\/p>\n\n\n\n<p class=\"has-text-align-center\"><strong>Ben Giderim Batuma<\/strong> &#8211; Ferit T\u00fcz\u00fcn<\/p>\n\n\n\n<p class=\"has-text-align-center\"><strong>Turnalar<\/strong> &#8211; Hayri Akay<\/p>\n\n\n\n<p class=\"has-text-align-center\"><strong>Deriko<\/strong> &#8211; Saip Eg\u00fcz<\/p>\n\n\n\n<p class=\"has-text-align-center\"><strong>\u0130zmir Mar\u015f\u0131<\/strong> &#8211; Muammer Sun<\/p>\n\n\n\n<p class=\"has-text-align-center\"><strong>Change The World<\/strong> &#8211; Mac Huff<\/p>\n\n\n\n<p class=\"has-text-align-center\"><strong>Ave Verum Corpus<\/strong> &#8211; Francis Poulenc<\/p>\n<\/div>\n\n\n\n<div class=\"wp-block-column is-layout-flow wp-block-column-is-layout-flow\">\n<p class=\"has-text-align-center\"><strong>De Profundis Clamavi<\/strong> &#8211; Piotr Janczak<\/p>\n\n\n\n<p class=\"has-text-align-center\"><strong>Zor Kad\u0131n<\/strong> &#8211; Hakan \u00d6ns\u00f6z<\/p>\n\n\n\n<p class=\"has-text-align-center\"><strong>The Land Of Ice and Snow<\/strong> &#8211; Erhan Kara<\/p>\n\n\n\n<p class=\"has-text-align-center\"><strong>Jarnana<\/strong> &#8211; Erhan Kara<\/p>\n\n\n\n<p class=\"has-text-align-center\"><strong>Sar\u0131 Gelin<\/strong> &#8211; Rasjhad<\/p>\n\n\n\n<p class=\"has-text-align-center\"><strong>Hicaz \u0130lahi<\/strong> &#8211; Hasan Ferit Alnar<\/p>\n\n\n\n<p class=\"has-text-align-center\"><strong>\u00c7anakkale T\u00fcrk\u00fcs\u00fc<\/strong> &#8211; Ahmed Adnan Saygun<\/p>\n\n\n\n<p class=\"has-text-align-center\"><strong>Hey Gidi Karadeniz<\/strong><\/p>\n\n\n\n<p class=\"has-text-align-center\"><strong>\u00c7al\u0131n Davullar\u0131<\/strong><\/p>\n\n\n\n<p class=\"has-text-align-center\"><strong>Suda Bal\u0131k Oynuyor<\/strong> &#8211; Erdal Tu\u011fcular<\/p>\n\n\n\n<p class=\"has-text-align-center\"><strong>Mamaliye<\/strong> &#8211; Markus Detterbeck<\/p>\n\n\n\n<p class=\"has-text-align-center\"><strong>Akdeniz Ak\u015famlar\u0131<\/strong> &#8211; Hakan \u00d6ns\u00f6z<\/p>\n\n\n\n<p class=\"has-text-align-center\"><strong>K\u0131z\u0131lc\u0131klar Oldu mu ?<\/strong> &#8211; Hakan \u00d6ns\u00f6z<\/p>\n\n\n\n<p class=\"has-text-align-center\"><strong>Adiemus<\/strong> &#8211; Karl Jenkins<\/p>\n\n\n\n<p class=\"has-text-align-center\"><strong>Ben Seni Bulmu\u015f \u0130ken<\/strong> &#8211; Cenan Ak\u0131n<\/p>\n\n\n\n<p class=\"has-text-align-center\"><strong>B\u00fclb\u00fcl\u00fcm Alt\u0131n Kafeste<\/strong> &#8211; Erhan Kara<\/p>\n\n\n\n<p class=\"has-text-align-center\"><strong>\u0130stiklal Mar\u015f\u0131<\/strong><\/p>\n\n\n\n<p class=\"has-text-align-center\"><strong>The Autumn Leaves<\/strong> &#8211; Joseph Kosma<\/p>\n\n\n\n<p class=\"has-text-align-center\"><strong>Ben Seni Sevdu\u011fumi<\/strong> &#8211; \u0130smet Ar\u0131c\u0131<\/p>\n\n\n\n<p class=\"has-text-align-center\"><strong>La Rosa Enfloresce<\/strong> &#8211; Manuel Coley<\/p>\n\n\n\n<p class=\"has-text-align-center\"><strong>Kalinka<\/strong> &#8211; Joan Gregoryk<\/p>\n<\/div>\n<\/div>\n\n\n\n<hr class=\"wp-block-separator is-style-wide\"\/>\n\n\n\n<div class=\"wp-block-image\"><figure class=\"aligncenter size-large\"><img loading=\"lazy\" decoding=\"async\" width=\"640\" height=\"312\" src=\"http:\/\/www.heripus.com\/wp-content\/uploads\/2020\/03\/D0ve54LWwAE7Nze.gif\" alt=\"\" class=\"wp-image-168\"\/><\/figure><\/div>\n\n\n\n<hr class=\"wp-block-separator is-style-wide\"\/>","protected":false},"excerpt":{"rendered":"<p>\u00d6d\u00fcllerimiz Koro \u015eef Uyumunda Ba\u015far\u0131 \u00d6d\u00fcl\u00fc &#8211; 24. T\u00fcrkiye Korolar \u015eenli\u011fi (Heripus Kad\u0131nlar Korosu) (2019) Program Zenginli\u011fi ve \u00c7e\u015fitlilikte Ba\u015far\u0131 &hellip; <span class=\"more-button\"><a href=\"https:\/\/www.heripus.com\/en\/hakkimizda\/\" class=\"more-link\">Continue Reading<span class=\"screen-reader-text\">About Us<\/span><\/a><\/span><\/p>","protected":false},"author":1,"featured_media":0,"parent":0,"menu_order":0,"comment_status":"closed","ping_status":"closed","template":"","meta":{"footnotes":""},"class_list":["post-53","page","type-page","status-publish","hentry"],"yoast_head":"<!-- This site is optimized with the Yoast SEO plugin v24.9 - https:\/\/yoast.com\/wordpress\/plugins\/seo\/ -->\n<title>Hakk\u0131m\u0131zda - \u0130SKENDERUN HER\u0130PUS \u00c7OKSESL\u0130 KOROSU<\/title>\n<meta name=\"robots\" content=\"index, follow, max-snippet:-1, max-image-preview:large, max-video-preview:-1\" \/>\n<link rel=\"canonical\" href=\"https:\/\/www.heripus.com\/en\/hakkimizda\/\" \/>\n<meta property=\"og:locale\" content=\"en_GB\" \/>\n<meta property=\"og:type\" content=\"article\" \/>\n<meta property=\"og:title\" content=\"Hakk\u0131m\u0131zda - \u0130SKENDERUN HER\u0130PUS \u00c7OKSESL\u0130 KOROSU\" \/>\n<meta property=\"og:description\" content=\"\u00d6d\u00fcllerimiz Koro \u015eef Uyumunda Ba\u015far\u0131 \u00d6d\u00fcl\u00fc &#8211; 24. T\u00fcrkiye Korolar \u015eenli\u011fi (Heripus Kad\u0131nlar Korosu) (2019) Program Zenginli\u011fi ve \u00c7e\u015fitlilikte Ba\u015far\u0131 &hellip; Continue ReadingHakk\u0131m\u0131zda\" \/>\n<meta property=\"og:url\" content=\"https:\/\/www.heripus.com\/en\/hakkimizda\/\" \/>\n<meta property=\"og:site_name\" content=\"\u0130SKENDERUN HER\u0130PUS \u00c7OKSESL\u0130 KOROSU\" \/>\n<meta property=\"article:modified_time\" content=\"2020-05-23T22:03:26+00:00\" \/>\n<meta property=\"og:image\" content=\"http:\/\/www.heripus.com\/wp-content\/uploads\/2020\/03\/D0ve54LWwAE7Nze.gif\" \/>\n<meta name=\"twitter:card\" content=\"summary_large_image\" \/>\n<meta name=\"twitter:label1\" content=\"Estimated reading time\" \/>\n\t<meta name=\"twitter:data1\" content=\"3 minutes\" \/>\n<script type=\"application\/ld+json\" class=\"yoast-schema-graph\">{\"@context\":\"https:\/\/schema.org\",\"@graph\":[{\"@type\":\"WebPage\",\"@id\":\"https:\/\/www.heripus.com\/hakkimizda\/\",\"url\":\"https:\/\/www.heripus.com\/hakkimizda\/\",\"name\":\"Hakk\u0131m\u0131zda - \u0130SKENDERUN HER\u0130PUS \u00c7OKSESL\u0130 KOROSU\",\"isPartOf\":{\"@id\":\"https:\/\/www.heripus.com\/#website\"},\"primaryImageOfPage\":{\"@id\":\"https:\/\/www.heripus.com\/hakkimizda\/#primaryimage\"},\"image\":{\"@id\":\"https:\/\/www.heripus.com\/hakkimizda\/#primaryimage\"},\"thumbnailUrl\":\"http:\/\/www.heripus.com\/wp-content\/uploads\/2020\/03\/D0ve54LWwAE7Nze.gif\",\"datePublished\":\"2020-03-18T12:14:56+00:00\",\"dateModified\":\"2020-05-23T22:03:26+00:00\",\"breadcrumb\":{\"@id\":\"https:\/\/www.heripus.com\/hakkimizda\/#breadcrumb\"},\"inLanguage\":\"en-GB\",\"potentialAction\":[{\"@type\":\"ReadAction\",\"target\":[\"https:\/\/www.heripus.com\/hakkimizda\/\"]}]},{\"@type\":\"ImageObject\",\"inLanguage\":\"en-GB\",\"@id\":\"https:\/\/www.heripus.com\/hakkimizda\/#primaryimage\",\"url\":\"http:\/\/www.heripus.com\/wp-content\/uploads\/2020\/03\/D0ve54LWwAE7Nze.gif\",\"contentUrl\":\"http:\/\/www.heripus.com\/wp-content\/uploads\/2020\/03\/D0ve54LWwAE7Nze.gif\"},{\"@type\":\"BreadcrumbList\",\"@id\":\"https:\/\/www.heripus.com\/hakkimizda\/#breadcrumb\",\"itemListElement\":[{\"@type\":\"ListItem\",\"position\":1,\"name\":\"Ana sayfa\",\"item\":\"https:\/\/www.heripus.com\/\"},{\"@type\":\"ListItem\",\"position\":2,\"name\":\"Hakk\u0131m\u0131zda\"}]},{\"@type\":\"WebSite\",\"@id\":\"https:\/\/www.heripus.com\/#website\",\"url\":\"https:\/\/www.heripus.com\/\",\"name\":\"\u0130SKENDERUN HER\u0130PUS \u00c7OKSESL\u0130 KOROSU\",\"description\":\"Heripus Polyphonic Choir\",\"publisher\":{\"@id\":\"https:\/\/www.heripus.com\/#organization\"},\"potentialAction\":[{\"@type\":\"SearchAction\",\"target\":{\"@type\":\"EntryPoint\",\"urlTemplate\":\"https:\/\/www.heripus.com\/?s={search_term_string}\"},\"query-input\":{\"@type\":\"PropertyValueSpecification\",\"valueRequired\":true,\"valueName\":\"search_term_string\"}}],\"inLanguage\":\"en-GB\"},{\"@type\":\"Organization\",\"@id\":\"https:\/\/www.heripus.com\/#organization\",\"name\":\"Heripus\",\"url\":\"https:\/\/www.heripus.com\/\",\"logo\":{\"@type\":\"ImageObject\",\"inLanguage\":\"en-GB\",\"@id\":\"https:\/\/www.heripus.com\/#\/schema\/logo\/image\/\",\"url\":\"https:\/\/www.heripus.com\/wp-content\/uploads\/2020\/04\/heripus-11-819x1024.png\",\"contentUrl\":\"https:\/\/www.heripus.com\/wp-content\/uploads\/2020\/04\/heripus-11-819x1024.png\",\"width\":819,\"height\":1024,\"caption\":\"Heripus\"},\"image\":{\"@id\":\"https:\/\/www.heripus.com\/#\/schema\/logo\/image\/\"}}]}<\/script>\n<!-- \/ Yoast SEO plugin. -->","yoast_head_json":{"title":"Hakk\u0131m\u0131zda - \u0130SKENDERUN HER\u0130PUS \u00c7OKSESL\u0130 KOROSU","robots":{"index":"index","follow":"follow","max-snippet":"max-snippet:-1","max-image-preview":"max-image-preview:large","max-video-preview":"max-video-preview:-1"},"canonical":"https:\/\/www.heripus.com\/en\/hakkimizda\/","og_locale":"en_GB","og_type":"article","og_title":"Hakk\u0131m\u0131zda - \u0130SKENDERUN HER\u0130PUS \u00c7OKSESL\u0130 KOROSU","og_description":"\u00d6d\u00fcllerimiz Koro \u015eef Uyumunda Ba\u015far\u0131 \u00d6d\u00fcl\u00fc &#8211; 24. T\u00fcrkiye Korolar \u015eenli\u011fi (Heripus Kad\u0131nlar Korosu) (2019) Program Zenginli\u011fi ve \u00c7e\u015fitlilikte Ba\u015far\u0131 &hellip; Continue ReadingHakk\u0131m\u0131zda","og_url":"https:\/\/www.heripus.com\/en\/hakkimizda\/","og_site_name":"\u0130SKENDERUN HER\u0130PUS \u00c7OKSESL\u0130 KOROSU","article_modified_time":"2020-05-23T22:03:26+00:00","og_image":[{"url":"http:\/\/www.heripus.com\/wp-content\/uploads\/2020\/03\/D0ve54LWwAE7Nze.gif","type":"","width":"","height":""}],"twitter_card":"summary_large_image","twitter_misc":{"Estimated reading time":"3 minutes"},"schema":{"@context":"https:\/\/schema.org","@graph":[{"@type":"WebPage","@id":"https:\/\/www.heripus.com\/hakkimizda\/","url":"https:\/\/www.heripus.com\/hakkimizda\/","name":"Hakk\u0131m\u0131zda - \u0130SKENDERUN HER\u0130PUS \u00c7OKSESL\u0130 KOROSU","isPartOf":{"@id":"https:\/\/www.heripus.com\/#website"},"primaryImageOfPage":{"@id":"https:\/\/www.heripus.com\/hakkimizda\/#primaryimage"},"image":{"@id":"https:\/\/www.heripus.com\/hakkimizda\/#primaryimage"},"thumbnailUrl":"http:\/\/www.heripus.com\/wp-content\/uploads\/2020\/03\/D0ve54LWwAE7Nze.gif","datePublished":"2020-03-18T12:14:56+00:00","dateModified":"2020-05-23T22:03:26+00:00","breadcrumb":{"@id":"https:\/\/www.heripus.com\/hakkimizda\/#breadcrumb"},"inLanguage":"en-GB","potentialAction":[{"@type":"ReadAction","target":["https:\/\/www.heripus.com\/hakkimizda\/"]}]},{"@type":"ImageObject","inLanguage":"en-GB","@id":"https:\/\/www.heripus.com\/hakkimizda\/#primaryimage","url":"http:\/\/www.heripus.com\/wp-content\/uploads\/2020\/03\/D0ve54LWwAE7Nze.gif","contentUrl":"http:\/\/www.heripus.com\/wp-content\/uploads\/2020\/03\/D0ve54LWwAE7Nze.gif"},{"@type":"BreadcrumbList","@id":"https:\/\/www.heripus.com\/hakkimizda\/#breadcrumb","itemListElement":[{"@type":"ListItem","position":1,"name":"Ana sayfa","item":"https:\/\/www.heripus.com\/"},{"@type":"ListItem","position":2,"name":"Hakk\u0131m\u0131zda"}]},{"@type":"WebSite","@id":"https:\/\/www.heripus.com\/#website","url":"https:\/\/www.heripus.com\/","name":"\u0130SKENDERUN HER\u0130PUS \u00c7OKSESL\u0130 KOROSU","description":"Heripus Polyphonic Choir","publisher":{"@id":"https:\/\/www.heripus.com\/#organization"},"potentialAction":[{"@type":"SearchAction","target":{"@type":"EntryPoint","urlTemplate":"https:\/\/www.heripus.com\/?s={search_term_string}"},"query-input":{"@type":"PropertyValueSpecification","valueRequired":true,"valueName":"search_term_string"}}],"inLanguage":"en-GB"},{"@type":"Organization","@id":"https:\/\/www.heripus.com\/#organization","name":"Heripus","url":"https:\/\/www.heripus.com\/","logo":{"@type":"ImageObject","inLanguage":"en-GB","@id":"https:\/\/www.heripus.com\/#\/schema\/logo\/image\/","url":"https:\/\/www.heripus.com\/wp-content\/uploads\/2020\/04\/heripus-11-819x1024.png","contentUrl":"https:\/\/www.heripus.com\/wp-content\/uploads\/2020\/04\/heripus-11-819x1024.png","width":819,"height":1024,"caption":"Heripus"},"image":{"@id":"https:\/\/www.heripus.com\/#\/schema\/logo\/image\/"}}]}},"_links":{"self":[{"href":"https:\/\/www.heripus.com\/en\/wp-json\/wp\/v2\/pages\/53","targetHints":{"allow":["GET"]}}],"collection":[{"href":"https:\/\/www.heripus.com\/en\/wp-json\/wp\/v2\/pages"}],"about":[{"href":"https:\/\/www.heripus.com\/en\/wp-json\/wp\/v2\/types\/page"}],"author":[{"embeddable":true,"href":"https:\/\/www.heripus.com\/en\/wp-json\/wp\/v2\/users\/1"}],"replies":[{"embeddable":true,"href":"https:\/\/www.heripus.com\/en\/wp-json\/wp\/v2\/comments?post=53"}],"version-history":[{"count":67,"href":"https:\/\/www.heripus.com\/en\/wp-json\/wp\/v2\/pages\/53\/revisions"}],"predecessor-version":[{"id":1088,"href":"https:\/\/www.heripus.com\/en\/wp-json\/wp\/v2\/pages\/53\/revisions\/1088"}],"wp:attachment":[{"href":"https:\/\/www.heripus.com\/en\/wp-json\/wp\/v2\/media?parent=53"}],"curies":[{"name":"wp","href":"https:\/\/api.w.org\/{rel}","templated":true}]}}