{"id":396,"date":"2020-04-24T14:36:21","date_gmt":"2020-04-24T11:36:21","guid":{"rendered":"http:\/\/www.heripus.com\/?page_id=396"},"modified":"2020-05-23T16:12:41","modified_gmt":"2020-05-23T13:12:41","slug":"iletisim","status":"publish","type":"page","link":"https:\/\/www.heripus.com\/en\/iletisim\/","title":{"rendered":"Contact"},"content":{"rendered":"<hr class=\"wp-block-separator is-style-wide\"\/>\n\n\n<div class=\"wpforms-container wpforms-container-full wpforms-block\" id=\"wpforms-395\"><form id=\"wpforms-form-395\" class=\"wpforms-validate wpforms-form\" data-formid=\"395\" method=\"post\" enctype=\"multipart\/form-data\" action=\"\/en\/wp-json\/wp\/v2\/pages\/396\" data-token=\"b43b5ca7295853d5b9484d6a4271a220\" data-token-time=\"1776766026\" data-trp-original-action=\"\/en\/wp-json\/wp\/v2\/pages\/396\"><noscript class=\"wpforms-error-noscript\">Please enable JavaScript in your browser to complete this form.<\/noscript><div class=\"wpforms-field-container\"><div id=\"wpforms-395-field_0-container\" class=\"wpforms-field wpforms-field-name\" data-field-id=\"0\"><div class=\"wpforms-field-row wpforms-field-medium\"><div class=\"wpforms-field-row-block wpforms-first wpforms-one-half\"><input type=\"text\" id=\"wpforms-395-field_0\" class=\"wpforms-field-name-first\" name=\"wpforms[fields][0][first]\" placeholder=\"First Name\" ><label for=\"wpforms-395-field_0\" class=\"wpforms-field-sublabel after wpforms-sublabel-hide\">First<\/label><\/div><div class=\"wpforms-field-row-block wpforms-one-half\"><input type=\"text\" id=\"wpforms-395-field_0-last\" class=\"wpforms-field-name-last\" name=\"wpforms[fields][0][last]\" placeholder=\"Last Name\" ><label for=\"wpforms-395-field_0-last\" class=\"wpforms-field-sublabel after wpforms-sublabel-hide\">Last<\/label><\/div><\/div><\/div><div id=\"wpforms-395-field_1-container\" class=\"wpforms-field wpforms-field-email\" data-field-id=\"1\"><input type=\"email\" id=\"wpforms-395-field_1\" class=\"wpforms-field-medium\" name=\"wpforms[fields][1]\" placeholder=\"E-Mail\" spellcheck=\"false\" ><\/div><div id=\"wpforms-395-field_2-container\" class=\"wpforms-field wpforms-field-textarea\" data-field-id=\"2\"><textarea id=\"wpforms-395-field_2\" class=\"wpforms-field-medium\" name=\"wpforms[fields][2]\" placeholder=\"Write to us for questions, suggestions and support.\" ><\/textarea><div class=\"wpforms-field-description\"> -> info@heripus.com<\/div><\/div><\/div><!-- .wpforms-field-container --><div class=\"wpforms-field wpforms-field-hp\"><label for=\"wpforms-395-field-hp\" class=\"wpforms-field-label\">Message<\/label><input type=\"text\" name=\"wpforms[hp]\" id=\"wpforms-395-field-hp\" class=\"wpforms-field-medium\"><\/div><div class=\"wpforms-submit-container\" ><input type=\"hidden\" name=\"wpforms[id]\" value=\"395\"><input type=\"hidden\" name=\"page_title\" value=\"\"><input type=\"hidden\" name=\"page_url\" value=\"https:\/\/www.heripus.com\/en\/wp-json\/wp\/v2\/pages\/396\"><input type=\"hidden\" name=\"url_referer\" value=\"\"><button type=\"submit\" name=\"wpforms[submit]\" id=\"wpforms-submit-395\" class=\"wpforms-submit\" data-alt-text=\"G\u00f6nderiliyor...\" data-submit-text=\"G\u00f6nder\" aria-live=\"assertive\" value=\"wpforms-submit\">Send<\/button><\/div><input type=\"hidden\" name=\"trp-form-language\" value=\"en\"\/><\/form><\/div>  <!-- .wpforms-container -->\n\n\n<hr class=\"wp-block-separator is-style-wide\"\/>\n\n\n\n<p class=\"has-text-align-center\"><strong>Kurtulu\u015f, 31200 \u0130skenderun \/ Hatay<\/strong><\/p>\n\n\n\n<iframe loading=\"lazy\" src=\"https:\/\/www.google.com\/maps\/embed?pb=!1m14!1m8!1m3!1d12814.818763529507!2d36.1708346!3d36.5853336!3m2!1i1024!2i768!4f13.1!3m3!1m2!1s0x0%3A0xa697af4f298ffb2f!2s%C4%B0skenderun%20Heripus%20%C3%87oksesli%20Korosu!5e0!3m2!1str!2str!4v1587729045546!5m2!1str!2str\" width=\"800\" height=\"600\" frameborder=\"0\" style=\"border:0;\" allowfullscreen=\"\" aria-hidden=\"false\" tabindex=\"0\"><\/iframe>\n\n\n\n<hr class=\"wp-block-separator is-style-wide\"\/>","protected":false},"excerpt":{"rendered":"<p>Kurtulu\u015f, 31200 \u0130skenderun \/ Hatay<\/p>","protected":false},"author":1,"featured_media":0,"parent":0,"menu_order":0,"comment_status":"closed","ping_status":"closed","template":"","meta":{"footnotes":""},"class_list":["post-396","page","type-page","status-publish","hentry"],"yoast_head":"<!-- This site is optimized with the Yoast SEO plugin v24.9 - https:\/\/yoast.com\/wordpress\/plugins\/seo\/ -->\n<title>\u0130leti\u015fim - \u0130SKENDERUN HER\u0130PUS \u00c7OKSESL\u0130 KOROSU<\/title>\n<meta name=\"robots\" content=\"index, follow, max-snippet:-1, max-image-preview:large, max-video-preview:-1\" \/>\n<link rel=\"canonical\" href=\"https:\/\/www.heripus.com\/en\/iletisim\/\" \/>\n<meta property=\"og:locale\" content=\"en_GB\" \/>\n<meta property=\"og:type\" content=\"article\" \/>\n<meta property=\"og:title\" content=\"\u0130leti\u015fim - \u0130SKENDERUN HER\u0130PUS \u00c7OKSESL\u0130 KOROSU\" \/>\n<meta property=\"og:description\" content=\"Kurtulu\u015f, 31200 \u0130skenderun \/ Hatay\" \/>\n<meta property=\"og:url\" content=\"https:\/\/www.heripus.com\/en\/iletisim\/\" \/>\n<meta property=\"og:site_name\" content=\"\u0130SKENDERUN HER\u0130PUS \u00c7OKSESL\u0130 KOROSU\" \/>\n<meta property=\"article:modified_time\" content=\"2020-05-23T13:12:41+00:00\" \/>\n<meta name=\"twitter:card\" content=\"summary_large_image\" \/>\n<script type=\"application\/ld+json\" class=\"yoast-schema-graph\">{\"@context\":\"https:\/\/schema.org\",\"@graph\":[{\"@type\":\"WebPage\",\"@id\":\"https:\/\/www.heripus.com\/iletisim\/\",\"url\":\"https:\/\/www.heripus.com\/iletisim\/\",\"name\":\"\u0130leti\u015fim - \u0130SKENDERUN HER\u0130PUS \u00c7OKSESL\u0130 KOROSU\",\"isPartOf\":{\"@id\":\"https:\/\/www.heripus.com\/#website\"},\"datePublished\":\"2020-04-24T11:36:21+00:00\",\"dateModified\":\"2020-05-23T13:12:41+00:00\",\"breadcrumb\":{\"@id\":\"https:\/\/www.heripus.com\/iletisim\/#breadcrumb\"},\"inLanguage\":\"en-GB\",\"potentialAction\":[{\"@type\":\"ReadAction\",\"target\":[\"https:\/\/www.heripus.com\/iletisim\/\"]}]},{\"@type\":\"BreadcrumbList\",\"@id\":\"https:\/\/www.heripus.com\/iletisim\/#breadcrumb\",\"itemListElement\":[{\"@type\":\"ListItem\",\"position\":1,\"name\":\"Ana sayfa\",\"item\":\"https:\/\/www.heripus.com\/\"},{\"@type\":\"ListItem\",\"position\":2,\"name\":\"\u0130leti\u015fim\"}]},{\"@type\":\"WebSite\",\"@id\":\"https:\/\/www.heripus.com\/#website\",\"url\":\"https:\/\/www.heripus.com\/\",\"name\":\"\u0130SKENDERUN HER\u0130PUS \u00c7OKSESL\u0130 KOROSU\",\"description\":\"Heripus Polyphonic Choir\",\"publisher\":{\"@id\":\"https:\/\/www.heripus.com\/#organization\"},\"potentialAction\":[{\"@type\":\"SearchAction\",\"target\":{\"@type\":\"EntryPoint\",\"urlTemplate\":\"https:\/\/www.heripus.com\/?s={search_term_string}\"},\"query-input\":{\"@type\":\"PropertyValueSpecification\",\"valueRequired\":true,\"valueName\":\"search_term_string\"}}],\"inLanguage\":\"en-GB\"},{\"@type\":\"Organization\",\"@id\":\"https:\/\/www.heripus.com\/#organization\",\"name\":\"Heripus\",\"url\":\"https:\/\/www.heripus.com\/\",\"logo\":{\"@type\":\"ImageObject\",\"inLanguage\":\"en-GB\",\"@id\":\"https:\/\/www.heripus.com\/#\/schema\/logo\/image\/\",\"url\":\"https:\/\/www.heripus.com\/wp-content\/uploads\/2020\/04\/heripus-11-819x1024.png\",\"contentUrl\":\"https:\/\/www.heripus.com\/wp-content\/uploads\/2020\/04\/heripus-11-819x1024.png\",\"width\":819,\"height\":1024,\"caption\":\"Heripus\"},\"image\":{\"@id\":\"https:\/\/www.heripus.com\/#\/schema\/logo\/image\/\"}}]}<\/script>\n<!-- \/ Yoast SEO plugin. -->","yoast_head_json":{"title":"\u0130leti\u015fim - \u0130SKENDERUN HER\u0130PUS \u00c7OKSESL\u0130 KOROSU","robots":{"index":"index","follow":"follow","max-snippet":"max-snippet:-1","max-image-preview":"max-image-preview:large","max-video-preview":"max-video-preview:-1"},"canonical":"https:\/\/www.heripus.com\/en\/iletisim\/","og_locale":"en_GB","og_type":"article","og_title":"\u0130leti\u015fim - \u0130SKENDERUN HER\u0130PUS \u00c7OKSESL\u0130 KOROSU","og_description":"Kurtulu\u015f, 31200 \u0130skenderun \/ Hatay","og_url":"https:\/\/www.heripus.com\/en\/iletisim\/","og_site_name":"\u0130SKENDERUN HER\u0130PUS \u00c7OKSESL\u0130 KOROSU","article_modified_time":"2020-05-23T13:12:41+00:00","twitter_card":"summary_large_image","schema":{"@context":"https:\/\/schema.org","@graph":[{"@type":"WebPage","@id":"https:\/\/www.heripus.com\/iletisim\/","url":"https:\/\/www.heripus.com\/iletisim\/","name":"\u0130leti\u015fim - \u0130SKENDERUN HER\u0130PUS \u00c7OKSESL\u0130 KOROSU","isPartOf":{"@id":"https:\/\/www.heripus.com\/#website"},"datePublished":"2020-04-24T11:36:21+00:00","dateModified":"2020-05-23T13:12:41+00:00","breadcrumb":{"@id":"https:\/\/www.heripus.com\/iletisim\/#breadcrumb"},"inLanguage":"en-GB","potentialAction":[{"@type":"ReadAction","target":["https:\/\/www.heripus.com\/iletisim\/"]}]},{"@type":"BreadcrumbList","@id":"https:\/\/www.heripus.com\/iletisim\/#breadcrumb","itemListElement":[{"@type":"ListItem","position":1,"name":"Ana sayfa","item":"https:\/\/www.heripus.com\/"},{"@type":"ListItem","position":2,"name":"\u0130leti\u015fim"}]},{"@type":"WebSite","@id":"https:\/\/www.heripus.com\/#website","url":"https:\/\/www.heripus.com\/","name":"\u0130SKENDERUN HER\u0130PUS \u00c7OKSESL\u0130 KOROSU","description":"Heripus Polyphonic Choir","publisher":{"@id":"https:\/\/www.heripus.com\/#organization"},"potentialAction":[{"@type":"SearchAction","target":{"@type":"EntryPoint","urlTemplate":"https:\/\/www.heripus.com\/?s={search_term_string}"},"query-input":{"@type":"PropertyValueSpecification","valueRequired":true,"valueName":"search_term_string"}}],"inLanguage":"en-GB"},{"@type":"Organization","@id":"https:\/\/www.heripus.com\/#organization","name":"Heripus","url":"https:\/\/www.heripus.com\/","logo":{"@type":"ImageObject","inLanguage":"en-GB","@id":"https:\/\/www.heripus.com\/#\/schema\/logo\/image\/","url":"https:\/\/www.heripus.com\/wp-content\/uploads\/2020\/04\/heripus-11-819x1024.png","contentUrl":"https:\/\/www.heripus.com\/wp-content\/uploads\/2020\/04\/heripus-11-819x1024.png","width":819,"height":1024,"caption":"Heripus"},"image":{"@id":"https:\/\/www.heripus.com\/#\/schema\/logo\/image\/"}}]}},"_links":{"self":[{"href":"https:\/\/www.heripus.com\/en\/wp-json\/wp\/v2\/pages\/396","targetHints":{"allow":["GET"]}}],"collection":[{"href":"https:\/\/www.heripus.com\/en\/wp-json\/wp\/v2\/pages"}],"about":[{"href":"https:\/\/www.heripus.com\/en\/wp-json\/wp\/v2\/types\/page"}],"author":[{"embeddable":true,"href":"https:\/\/www.heripus.com\/en\/wp-json\/wp\/v2\/users\/1"}],"replies":[{"embeddable":true,"href":"https:\/\/www.heripus.com\/en\/wp-json\/wp\/v2\/comments?post=396"}],"version-history":[{"count":10,"href":"https:\/\/www.heripus.com\/en\/wp-json\/wp\/v2\/pages\/396\/revisions"}],"predecessor-version":[{"id":1023,"href":"https:\/\/www.heripus.com\/en\/wp-json\/wp\/v2\/pages\/396\/revisions\/1023"}],"wp:attachment":[{"href":"https:\/\/www.heripus.com\/en\/wp-json\/wp\/v2\/media?parent=396"}],"curies":[{"name":"wp","href":"https:\/\/api.w.org\/{rel}","templated":true}]}}